{"id":195,"date":"2024-12-18T18:19:48","date_gmt":"2024-12-18T17:19:48","guid":{"rendered":"https:\/\/kondolenzbuch.bvmw.de\/?page_id=195"},"modified":"2024-12-19T19:18:22","modified_gmt":"2024-12-19T18:18:22","slug":"kondolenzbuch-michael-woltering","status":"publish","type":"page","link":"https:\/\/kondolenzbuch.bvmw.de\/","title":{"rendered":"Kondolenzbuch Michael Woltering"},"content":{"rendered":"\t\t<div data-elementor-type=\"wp-page\" data-elementor-id=\"195\" class=\"elementor elementor-195\" data-elementor-post-type=\"page\">\n\t\t\t\t<div class=\"elementor-element elementor-element-322e626 e-flex e-con-boxed e-con e-parent\" data-id=\"322e626\" data-element_type=\"container\" data-e-type=\"container\">\n\t\t\t\t\t<div class=\"e-con-inner\">\n\t\t<div class=\"elementor-element elementor-element-ddb416f e-con-full e-flex e-con e-child\" data-id=\"ddb416f\" data-element_type=\"container\" data-e-type=\"container\">\n\t\t\t\t<div class=\"elementor-element elementor-element-b3c8106 elementor-widget elementor-widget-image\" data-id=\"b3c8106\" data-element_type=\"widget\" data-e-type=\"widget\" data-widget_type=\"image.default\">\n\t\t\t\t<div class=\"elementor-widget-container\">\n\t\t\t\t\t\t\t\t\t\t\t\t\t\t\t<img fetchpriority=\"high\" decoding=\"async\" width=\"1920\" height=\"2033\" src=\"https:\/\/kondolenzbuch.bvmw.de\/wp-content\/uploads\/2024\/12\/Michael-Woltering.jpg\" class=\"attachment-full size-full wp-image-190\" alt=\"\" srcset=\"https:\/\/kondolenzbuch.bvmw.de\/wp-content\/uploads\/2024\/12\/Michael-Woltering.jpg 1920w, https:\/\/kondolenzbuch.bvmw.de\/wp-content\/uploads\/2024\/12\/Michael-Woltering-283x300.jpg 283w, https:\/\/kondolenzbuch.bvmw.de\/wp-content\/uploads\/2024\/12\/Michael-Woltering-967x1024.jpg 967w, https:\/\/kondolenzbuch.bvmw.de\/wp-content\/uploads\/2024\/12\/Michael-Woltering-768x813.jpg 768w, https:\/\/kondolenzbuch.bvmw.de\/wp-content\/uploads\/2024\/12\/Michael-Woltering-1451x1536.jpg 1451w\" sizes=\"(max-width: 1920px) 100vw, 1920px\" \/>\t\t\t\t\t\t\t\t\t\t\t\t\t\t\t<\/div>\n\t\t\t\t<\/div>\n\t\t\t\t<\/div>\n\t\t<div class=\"elementor-element elementor-element-8e70f6c e-con-full e-flex e-con e-child\" data-id=\"8e70f6c\" data-element_type=\"container\" data-e-type=\"container\" data-settings=\"{&quot;background_background&quot;:&quot;classic&quot;}\">\n\t\t\t\t<div class=\"elementor-element elementor-element-4252e15 elementor-widget elementor-widget-text-editor\" data-id=\"4252e15\" data-element_type=\"widget\" data-e-type=\"widget\" data-widget_type=\"text-editor.default\">\n\t\t\t\t<div class=\"elementor-widget-container\">\n\t\t\t\t\t\t\t\t\t<p>Der Mittelstand. BVMW e. V. ist in tiefer Trauer um seinen langj\u00e4hrigen Kollegen und Freund Michael Woltering.<\/p><p>Wir sind zutiefst ersch\u00fcttert und k\u00f6nnen unsere Betroffenheit kaum in Worte fassen.<\/p><p>Unsere Gedanken sind bei seiner Mutter und seinem engsten Umfeld.<\/p>\t\t\t\t\t\t\t\t<\/div>\n\t\t\t\t<\/div>\n\t\t\t\t<\/div>\n\t\t\t\t\t<\/div>\n\t\t\t\t<\/div>\n\t\t<div class=\"elementor-element elementor-element-5500280 e-flex e-con-boxed e-con e-parent\" data-id=\"5500280\" data-element_type=\"container\" data-e-type=\"container\">\n\t\t\t\t\t<div class=\"e-con-inner\">\n\t\t\t\t<div class=\"elementor-element elementor-element-18478b0 elementor-widget elementor-widget-spacer\" data-id=\"18478b0\" data-element_type=\"widget\" data-e-type=\"widget\" data-widget_type=\"spacer.default\">\n\t\t\t\t<div class=\"elementor-widget-container\">\n\t\t\t\t\t\t\t<div class=\"elementor-spacer\">\n\t\t\t<div class=\"elementor-spacer-inner\"><\/div>\n\t\t<\/div>\n\t\t\t\t\t\t<\/div>\n\t\t\t\t<\/div>\n\t\t\t\t\t<\/div>\n\t\t\t\t<\/div>\n\t\t<div class=\"elementor-element elementor-element-f245812 e-flex e-con-boxed e-con e-parent\" data-id=\"f245812\" data-element_type=\"container\" data-e-type=\"container\">\n\t\t\t\t\t<div class=\"e-con-inner\">\n\t\t\t\t<div class=\"elementor-element elementor-element-ad46ebb elementor-widget elementor-widget-menu-anchor\" data-id=\"ad46ebb\" data-element_type=\"widget\" data-e-type=\"widget\" data-widget_type=\"menu-anchor.default\">\n\t\t\t\t<div class=\"elementor-widget-container\">\n\t\t\t\t\t\t\t<div class=\"elementor-menu-anchor\" id=\"Kommentare\"><\/div>\n\t\t\t\t\t\t<\/div>\n\t\t\t\t<\/div>\n\t\t\t\t\t<\/div>\n\t\t\t\t<\/div>\n\t\t\t\t<\/div>\n\t\t","protected":false},"excerpt":{"rendered":"<p>Der Mittelstand. BVMW e. V. ist in tiefer Trauer um seinen langj\u00e4hrigen Kollegen und Freund Michael Woltering. Wir sind zutiefst ersch\u00fcttert und k\u00f6nnen unsere Betroffenheit kaum in Worte fassen. Unsere Gedanken sind bei seiner Mutter und seinem engsten Umfeld.<\/p>\n","protected":false},"author":2,"featured_media":190,"parent":0,"menu_order":0,"comment_status":"open","ping_status":"closed","template":"elementor_header_footer","meta":{"footnotes":""},"class_list":["post-195","page","type-page","status-publish","has-post-thumbnail","hentry"],"_links":{"self":[{"href":"https:\/\/kondolenzbuch.bvmw.de\/index.php?rest_route=\/wp\/v2\/pages\/195","targetHints":{"allow":["GET"]}}],"collection":[{"href":"https:\/\/kondolenzbuch.bvmw.de\/index.php?rest_route=\/wp\/v2\/pages"}],"about":[{"href":"https:\/\/kondolenzbuch.bvmw.de\/index.php?rest_route=\/wp\/v2\/types\/page"}],"author":[{"embeddable":true,"href":"https:\/\/kondolenzbuch.bvmw.de\/index.php?rest_route=\/wp\/v2\/users\/2"}],"replies":[{"embeddable":true,"href":"https:\/\/kondolenzbuch.bvmw.de\/index.php?rest_route=%2Fwp%2Fv2%2Fcomments&post=195"}],"version-history":[{"count":49,"href":"https:\/\/kondolenzbuch.bvmw.de\/index.php?rest_route=\/wp\/v2\/pages\/195\/revisions"}],"predecessor-version":[{"id":278,"href":"https:\/\/kondolenzbuch.bvmw.de\/index.php?rest_route=\/wp\/v2\/pages\/195\/revisions\/278"}],"wp:featuredmedia":[{"embeddable":true,"href":"https:\/\/kondolenzbuch.bvmw.de\/index.php?rest_route=\/wp\/v2\/media\/190"}],"wp:attachment":[{"href":"https:\/\/kondolenzbuch.bvmw.de\/index.php?rest_route=%2Fwp%2Fv2%2Fmedia&parent=195"}],"curies":[{"name":"wp","href":"https:\/\/api.w.org\/{rel}","templated":true}]}}